{"id":28756,"date":"2017-02-17T16:24:10","date_gmt":"2017-02-17T15:24:10","guid":{"rendered":"https:\/\/hybrydoinstal.pl\/?page_id=28756"},"modified":"2019-03-19T06:54:35","modified_gmt":"2019-03-19T05:54:35","slug":"oferta","status":"publish","type":"page","link":"https:\/\/hybrydoinstal.pl\/index.php\/oferta\/","title":{"rendered":"Oferta"},"content":{"rendered":"<p>[et_pb_section bb_built=&#8221;1&#8243; admin_label=&#8221;Section&#8221; transparent_background=&#8221;off&#8221; allow_player_pause=&#8221;off&#8221; inner_shadow=&#8221;off&#8221; parallax=&#8221;off&#8221; parallax_method=&#8221;off&#8221; custom_padding=&#8221;0px||0px|&#8221; make_fullwidth=&#8221;off&#8221; use_custom_width=&#8221;off&#8221; width_unit=&#8221;on&#8221; custom_width_px=&#8221;1080px&#8221; custom_width_percent=&#8221;80%&#8221; make_equal=&#8221;off&#8221; use_custom_gutter=&#8221;off&#8221; fullwidth=&#8221;off&#8221; specialty=&#8221;off&#8221; module_id=&#8221;dotover&#8221; disabled=&#8221;off&#8221; collapsed=&#8221;off&#8221; prev_background_color=&#8221;#000000&#8243; next_background_color=&#8221;#ffffff&#8221;][et_pb_row admin_label=&#8221;Row&#8221; make_fullwidth=&#8221;off&#8221; use_custom_width=&#8221;off&#8221; width_unit=&#8221;on&#8221; custom_width_px=&#8221;1080px&#8221; custom_width_percent=&#8221;80%&#8221; use_custom_gutter=&#8221;off&#8221; gutter_width=&#8221;3&#8243; custom_padding=&#8221;25px|0px|0px|0px&#8221; allow_player_pause=&#8221;off&#8221; parallax=&#8221;off&#8221; parallax_method=&#8221;off&#8221; make_equal=&#8221;off&#8221; column_padding_mobile=&#8221;on&#8221; parallax_1=&#8221;off&#8221; parallax_method_1=&#8221;off&#8221; parallax_2=&#8221;off&#8221; parallax_method_2=&#8221;on&#8221; parallax_3=&#8221;off&#8221; parallax_method_3=&#8221;on&#8221; parallax_4=&#8221;off&#8221; parallax_method_4=&#8221;on&#8221; disabled=&#8221;off&#8221; background_position=&#8221;top_left&#8221; background_repeat=&#8221;repeat&#8221; background_size=&#8221;initial&#8221;][et_pb_column type=&#8221;4_4&#8243;][et_pb_cta admin_label=&#8221;OUR SERVICES&#8221; url_new_window=&#8221;off&#8221; use_background_color=&#8221;off&#8221; background_color=&#8221;#fcbf00&#8243; background_layout=&#8221;dark&#8221; text_orientation=&#8221;center&#8221; module_id=&#8221;toptext&#8221; header_font=&#8221;Open Sans|||on|&#8221; header_font_size=&#8221;35px&#8221; header_font_size_tablet=&#8221;40&#8243; header_font_size_phone=&#8221;30&#8243; header_font_size_last_edited=&#8221;on|desktop&#8221; header_text_color=&#8221;#3d3d3d&#8221; header_line_height=&#8221;1.4em&#8221; body_font=&#8221;Open Sans||||&#8221; body_font_size=&#8221;18&#8243; body_text_color=&#8221;#ffffff&#8221; body_line_height=&#8221;1.5em&#8221; use_border_color=&#8221;off&#8221; border_color=&#8221;#ffffff&#8221; border_style=&#8221;solid&#8221; custom_button=&#8221;off&#8221; button_border_radius=&#8221;0&#8243; button_letter_spacing=&#8221;0&#8243; button_use_icon=&#8221;default&#8221; button_icon_placement=&#8221;right&#8221; button_on_hover=&#8221;on&#8221; button_border_radius_hover=&#8221;0&#8243; button_letter_spacing_hover=&#8221;0&#8243; custom_css_main_element=&#8221;position: relative; z-index: 10;&#8221; disabled=&#8221;off&#8221; background_position=&#8221;top_left&#8221; background_repeat=&#8221;repeat&#8221; background_size=&#8221;initial&#8221; button_text_size__hover_enabled=&#8221;off&#8221; button_text_size__hover=&#8221;null&#8221; button_one_text_size__hover_enabled=&#8221;off&#8221; button_one_text_size__hover=&#8221;null&#8221; button_two_text_size__hover_enabled=&#8221;off&#8221; button_two_text_size__hover=&#8221;null&#8221; button_text_color__hover_enabled=&#8221;off&#8221; button_text_color__hover=&#8221;null&#8221; button_one_text_color__hover_enabled=&#8221;off&#8221; button_one_text_color__hover=&#8221;null&#8221; button_two_text_color__hover_enabled=&#8221;off&#8221; button_two_text_color__hover=&#8221;null&#8221; button_border_width__hover_enabled=&#8221;off&#8221; button_border_width__hover=&#8221;null&#8221; button_one_border_width__hover_enabled=&#8221;off&#8221; button_one_border_width__hover=&#8221;null&#8221; button_two_border_width__hover_enabled=&#8221;off&#8221; button_two_border_width__hover=&#8221;null&#8221; button_border_color__hover_enabled=&#8221;off&#8221; button_border_color__hover=&#8221;null&#8221; button_one_border_color__hover_enabled=&#8221;off&#8221; button_one_border_color__hover=&#8221;null&#8221; button_two_border_color__hover_enabled=&#8221;off&#8221; button_two_border_color__hover=&#8221;null&#8221; button_border_radius__hover_enabled=&#8221;on&#8221; button_border_radius__hover=&#8221;0&#8243; button_one_border_radius__hover_enabled=&#8221;off&#8221; button_one_border_radius__hover=&#8221;null&#8221; button_two_border_radius__hover_enabled=&#8221;off&#8221; button_two_border_radius__hover=&#8221;null&#8221; button_letter_spacing__hover_enabled=&#8221;on&#8221; button_letter_spacing__hover=&#8221;0&#8243; button_one_letter_spacing__hover_enabled=&#8221;off&#8221; button_one_letter_spacing__hover=&#8221;null&#8221; button_two_letter_spacing__hover_enabled=&#8221;off&#8221; button_two_letter_spacing__hover=&#8221;null&#8221; button_bg_color__hover_enabled=&#8221;off&#8221; button_bg_color__hover=&#8221;null&#8221; button_one_bg_color__hover_enabled=&#8221;off&#8221; button_one_bg_color__hover=&#8221;null&#8221; button_two_bg_color__hover_enabled=&#8221;off&#8221; button_two_bg_color__hover=&#8221;null&#8221;]<\/p>\n<h2>nasza <span style=\"color: #0058a9;\">oferta<\/span><\/h2>\n<p>[\/et_pb_cta][\/et_pb_column][\/et_pb_row][\/et_pb_section][et_pb_section bb_built=&#8221;1&#8243; transparent_background=&#8221;off&#8221; allow_player_pause=&#8221;off&#8221; inner_shadow=&#8221;off&#8221; parallax=&#8221;off&#8221; parallax_method=&#8221;on&#8221; custom_padding=&#8221;0px|0px|0px|0px&#8221; make_fullwidth=&#8221;off&#8221; use_custom_width=&#8221;off&#8221; width_unit=&#8221;off&#8221; custom_width_px=&#8221;1080px&#8221; custom_width_percent=&#8221;80%&#8221; make_equal=&#8221;off&#8221; use_custom_gutter=&#8221;off&#8221; fullwidth=&#8221;off&#8221; specialty=&#8221;off&#8221; disabled=&#8221;off&#8221; prev_background_color=&#8221;#ffffff&#8221; next_background_color=&#8221;#ffffff&#8221;][et_pb_row make_fullwidth=&#8221;on&#8221; use_custom_width=&#8221;off&#8221; width_unit=&#8221;on&#8221; custom_width_px=&#8221;1080px&#8221; custom_width_percent=&#8221;80%&#8221; use_custom_gutter=&#8221;on&#8221; gutter_width=&#8221;0&#8243; custom_padding=&#8221;0px|0px||0px&#8221; allow_player_pause=&#8221;off&#8221; parallax=&#8221;off&#8221; parallax_method=&#8221;off&#8221; make_equal=&#8221;off&#8221; parallax_1=&#8221;off&#8221; parallax_method_1=&#8221;off&#8221; parallax_2=&#8221;off&#8221; parallax_method_2=&#8221;off&#8221; parallax_3=&#8221;off&#8221; parallax_method_3=&#8221;off&#8221; parallax_4=&#8221;off&#8221; parallax_method_4=&#8221;off&#8221; disabled=&#8221;off&#8221; background_position=&#8221;top_left&#8221; background_repeat=&#8221;repeat&#8221; background_size=&#8221;initial&#8221;][et_pb_column type=&#8221;1_3&#8243;][et_pb_code module_id=&#8221;pan1&#8243; custom_css_main_element=&#8221;background: url(https:\/\/hybrydoinstal.pl\/wp-content\/uploads\/2017\/02\/9-Kolektory-s\u0105oneczne-monta\u013a.jpg);&#8221; disabled=&#8221;off&#8221;]<a href=\"https:\/\/hybrydoinstal.pl\/index.php\/kolektory-sloneczne\/\"><\/p>\n<div id=\"mx\">\n<div id=\"tex\"><pee>KOLEKTORY S\u0141ONECZNE<pee><\/div>\n<\/div>\n<p><\/a>[\/et_pb_code][\/et_pb_column][et_pb_column type=&#8221;1_3&#8243;][et_pb_code module_id=&#8221;pan1&#8243; custom_css_main_element=&#8221;background: url(https:\/\/hybrydoinstal.pl\/wp-content\/uploads\/2017\/02\/7-Fotowoltaika.jpg);&#8221; disabled=&#8221;off&#8221;]<a href=\"https:\/\/hybrydoinstal.pl\/index.php\/fotowoltaika\/\"><\/p>\n<div id=\"mx\">\n<div id=\"tex\"><pee>FOTOWOLTAIKA<\/pee><\/div>\n<\/div>\n<p><\/a>[\/et_pb_code][\/et_pb_column][et_pb_column type=&#8221;1_3&#8243;][et_pb_code module_id=&#8221;pan1&#8243; custom_css_main_element=&#8221;background: url(https:\/\/hybrydoinstal.pl\/wp-content\/uploads\/2017\/02\/18-pompa-ciepla-viessmann.jpg);&#8221; disabled=&#8221;off&#8221;]<a href=\"https:\/\/hybrydoinstal.pl\/index.php\/pompy-ciepla\/\"><\/p>\n<div id=\"mx\">\n<div id=\"tex\"><pee>POMPY CIEP\u0141A<\/pee><\/div>\n<\/div>\n<p><\/a>[\/et_pb_code][\/et_pb_column][\/et_pb_row][et_pb_row make_fullwidth=&#8221;on&#8221; use_custom_width=&#8221;off&#8221; width_unit=&#8221;on&#8221; custom_width_px=&#8221;1080px&#8221; custom_width_percent=&#8221;80%&#8221; use_custom_gutter=&#8221;on&#8221; gutter_width=&#8221;0&#8243; custom_padding=&#8221;0px|0px||0px&#8221; allow_player_pause=&#8221;off&#8221; parallax=&#8221;off&#8221; parallax_method=&#8221;off&#8221; make_equal=&#8221;off&#8221; parallax_1=&#8221;off&#8221; parallax_method_1=&#8221;off&#8221; parallax_2=&#8221;off&#8221; parallax_method_2=&#8221;off&#8221; parallax_3=&#8221;off&#8221; parallax_method_3=&#8221;off&#8221; parallax_4=&#8221;off&#8221; parallax_method_4=&#8221;off&#8221; disabled=&#8221;off&#8221; background_position=&#8221;top_left&#8221; background_repeat=&#8221;repeat&#8221; background_size=&#8221;initial&#8221;][et_pb_column type=&#8221;1_3&#8243;][et_pb_code module_id=&#8221;pan1&#8243; custom_css_main_element=&#8221;background: url(https:\/\/hybrydoinstal.pl\/wp-content\/uploads\/2017\/02\/BIOkominek.jpg);&#8221; disabled=&#8221;off&#8221;]<a href=\"https:\/\/hybrydoinstal.pl\/index.php\/kominki-i-kotly\/\"><\/p>\n<div id=\"mx\">\n<div id=\"tex\"><pee>KOMINKI I KOT\u0141Y<\/pee><\/div>\n<\/div>\n<p><\/a>[\/et_pb_code][\/et_pb_column][et_pb_column type=&#8221;1_3&#8243;][et_pb_code module_id=&#8221;pan1&#8243; custom_css_main_element=&#8221;background: url(https:\/\/hybrydoinstal.pl\/wp-content\/uploads\/2017\/02\/23-zbiornik.jpg);&#8221; disabled=&#8221;off&#8221;]<a href=\"https:\/\/hybrydoinstal.pl\/?page_id=29042&#038;preview=true\"><\/p>\n<div id=\"mx\">\n<div id=\"tex\"><pee>PODGRZEWACZE I MAGAZYNY CIEP\u0141A<\/pee><\/div>\n<\/div>\n<p><\/a>[\/et_pb_code][\/et_pb_column][et_pb_column type=&#8221;1_3&#8243;][et_pb_code module_id=&#8221;pan1&#8243; custom_css_main_element=&#8221;background: url(https:\/\/hybrydoinstal.pl\/wp-content\/uploads\/2017\/02\/3-Ogrzewanie-pod\u0105ogowe.jpg);&#8221; disabled=&#8221;off&#8221;]<a href=\"https:\/\/hybrydoinstal.pl\/index.php\/systemy-rozprowadzania-ciepla\/\"><\/p>\n<div id=\"mx\">\n<div id=\"tex\"><pee>SYSTEMY ROZPROWADZANIA CIEP\u0141A<\/pee><\/div>\n<\/div>\n<p><\/a>[\/et_pb_code][\/et_pb_column][\/et_pb_row][et_pb_row make_fullwidth=&#8221;on&#8221; use_custom_width=&#8221;off&#8221; width_unit=&#8221;off&#8221; custom_width_px=&#8221;1080px&#8221; custom_width_percent=&#8221;80%&#8221; use_custom_gutter=&#8221;on&#8221; gutter_width=&#8221;1&#8243; custom_padding=&#8221;0px|0px||0px&#8221; allow_player_pause=&#8221;off&#8221; parallax=&#8221;off&#8221; parallax_method=&#8221;on&#8221; make_equal=&#8221;off&#8221; parallax_1=&#8221;off&#8221; parallax_method_1=&#8221;on&#8221; parallax_2=&#8221;off&#8221; parallax_method_2=&#8221;on&#8221; parallax_3=&#8221;off&#8221; parallax_method_3=&#8221;on&#8221; parallax_4=&#8221;off&#8221; parallax_method_4=&#8221;on&#8221; disabled=&#8221;off&#8221; background_position=&#8221;top_left&#8221; background_repeat=&#8221;repeat&#8221; background_size=&#8221;initial&#8221;][et_pb_column type=&#8221;1_3&#8243;][et_pb_code module_id=&#8221;pan1&#8243; custom_css_main_element=&#8221;background: url(https:\/\/hybrydoinstal.pl\/wp-content\/uploads\/2017\/02\/22-sterowanie-ogrzewaniem-Vaillant-1.png);&#8221; disabled=&#8221;off&#8221;]<a href=\"https:\/\/hybrydoinstal.pl\/index.php\/systemy-sterowania\/\"><\/p>\n<div id=\"mx\">\n<div id=\"tex\"><pee>SYSTEMY STEROWANIA<\/pee><\/div>\n<\/div>\n<p><\/a>[\/et_pb_code][\/et_pb_column][et_pb_column type=&#8221;1_3&#8243;][et_pb_code module_id=&#8221;pan1&#8243; custom_css_main_element=&#8221;background: url(https:\/\/hybrydoinstal.pl\/wp-content\/uploads\/2017\/03\/Inteligentny-dom-OFERTA.jpg);&#8221; disabled=&#8221;off&#8221;]<a href=\"https:\/\/hybrydoinstal.pl\/index.php\/inteligentny-dom\/\"><\/p>\n<div id=\"mx\">\n<div id=\"tex\"><pee>INTELIGENTNY DOM<\/pee><\/div>\n<\/div>\n<p><\/a>[\/et_pb_code][\/et_pb_column][et_pb_column type=&#8221;1_3&#8243;][et_pb_code module_id=&#8221;pan1&#8243; custom_css_main_element=&#8221;background: url(https:\/\/hybrydoinstal.pl\/wp-content\/uploads\/2017\/03\/klimatyzacja-OFERTA-Usun\u0105\u0107-logo-i-napisy.png);&#8221; disabled=&#8221;off&#8221;]<a href=\"https:\/\/hybrydoinstal.pl\/index.php\/klimatyzacja\/\"><\/p>\n<div id=\"mx\">\n<div id=\"tex\"><pee>KLIMATYZACJA<\/pee><\/div>\n<\/div>\n<p><\/a>[\/et_pb_code][\/et_pb_column][\/et_pb_row][\/et_pb_section][et_pb_section bb_built=&#8221;1&#8243; admin_label=&#8221;Hero Section&#8221; transparent_background=&#8221;off&#8221; allow_player_pause=&#8221;off&#8221; inner_shadow=&#8221;off&#8221; parallax=&#8221;off&#8221; parallax_method=&#8221;off&#8221; custom_padding=&#8221;0px|0px|54px|0px&#8221; make_fullwidth=&#8221;off&#8221; use_custom_width=&#8221;off&#8221; width_unit=&#8221;on&#8221; custom_width_px=&#8221;1080px&#8221; custom_width_percent=&#8221;80%&#8221; make_equal=&#8221;off&#8221; use_custom_gutter=&#8221;off&#8221; fullwidth=&#8221;off&#8221; specialty=&#8221;off&#8221; module_id=&#8221;dotover&#8221; custom_css_after=&#8221;content: %22%22;||background: url(&#8217;https:\/\/www.infiniteimagination.com.au\/rhm\/wp-content\/uploads\/2016\/08\/mask.png&#8217;) repeat;||top: 0;||left: 0;||bottom: 0;||right: 0;||position: absolute;||z-index: 1;||&#8221; disabled=&#8221;off&#8221; collapsed=&#8221;off&#8221; prev_background_color=&#8221;#ffffff&#8221; next_background_color=&#8221;#000000&#8243;][et_pb_row admin_label=&#8221;Row&#8221; make_fullwidth=&#8221;off&#8221; use_custom_width=&#8221;off&#8221; width_unit=&#8221;on&#8221; custom_width_px=&#8221;1080px&#8221; custom_width_percent=&#8221;80%&#8221; use_custom_gutter=&#8221;off&#8221; gutter_width=&#8221;3&#8243; custom_padding=&#8221;7%||4%|&#8221; padding_mobile=&#8221;off&#8221; allow_player_pause=&#8221;off&#8221; parallax=&#8221;off&#8221; parallax_method=&#8221;off&#8221; make_equal=&#8221;off&#8221; column_padding_mobile=&#8221;on&#8221; parallax_1=&#8221;off&#8221; parallax_method_1=&#8221;off&#8221; parallax_2=&#8221;off&#8221; parallax_method_2=&#8221;on&#8221; parallax_3=&#8221;off&#8221; parallax_method_3=&#8221;on&#8221; parallax_4=&#8221;off&#8221; parallax_method_4=&#8221;on&#8221; disabled=&#8221;off&#8221; background_position=&#8221;top_left&#8221; background_repeat=&#8221;repeat&#8221; background_size=&#8221;initial&#8221;][et_pb_column type=&#8221;4_4&#8243;][et_pb_button button_url=&#8221;https:\/\/hybrydoinstal.pl\/index.php\/kontakt\/&#8221; url_new_window=&#8221;off&#8221; button_text=&#8221;MASZ PYTANIA SKONTAKTUJ SI\u0118 Z NAMI LUB ZAM\u00d3W BEZP\u0141ATN\u0104 WYCEN\u0118&#8221; button_alignment=&#8221;center&#8221; background_layout=&#8221;light&#8221; custom_button=&#8221;on&#8221; button_text_size=&#8221;16&#8243; button_text_color=&#8221;#424242&#8243; button_bg_color=&#8221;rgba(0,0,0,0)&#8221; button_border_color=&#8221;rgba(0,0,0,0.6)&#8221; button_border_radius=&#8221;0&#8243; button_letter_spacing=&#8221;0&#8243; button_font=&#8221;Oswald||||&#8221; button_use_icon=&#8221;on&#8221; button_icon=&#8221;%%24%%&#8221; button_icon_placement=&#8221;right&#8221; button_on_hover=&#8221;on&#8221; button_text_color_hover=&#8221;#424242&#8243; button_bg_color_hover=&#8221;rgba(0,0,0,0.2)&#8221; button_border_color_hover=&#8221;rgba(0,0,0,0)&#8221; button_border_radius_hover=&#8221;0&#8243; button_letter_spacing_hover=&#8221;3&#8243; custom_css_main_element=&#8221;position: relative; z-index: 3;&#8221; disabled=&#8221;off&#8221; button_text_size__hover_enabled=&#8221;off&#8221; button_text_size__hover=&#8221;null&#8221; button_one_text_size__hover_enabled=&#8221;off&#8221; button_one_text_size__hover=&#8221;null&#8221; button_two_text_size__hover_enabled=&#8221;off&#8221; button_two_text_size__hover=&#8221;null&#8221; button_text_color__hover_enabled=&#8221;on&#8221; button_text_color__hover=&#8221;#424242&#8243; button_one_text_color__hover_enabled=&#8221;off&#8221; button_one_text_color__hover=&#8221;null&#8221; button_two_text_color__hover_enabled=&#8221;off&#8221; button_two_text_color__hover=&#8221;null&#8221; button_border_width__hover_enabled=&#8221;off&#8221; button_border_width__hover=&#8221;null&#8221; button_one_border_width__hover_enabled=&#8221;off&#8221; button_one_border_width__hover=&#8221;null&#8221; button_two_border_width__hover_enabled=&#8221;off&#8221; button_two_border_width__hover=&#8221;null&#8221; button_border_color__hover_enabled=&#8221;on&#8221; button_border_color__hover=&#8221;rgba(0,0,0,0)&#8221; button_one_border_color__hover_enabled=&#8221;off&#8221; button_one_border_color__hover=&#8221;null&#8221; button_two_border_color__hover_enabled=&#8221;off&#8221; button_two_border_color__hover=&#8221;null&#8221; button_border_radius__hover_enabled=&#8221;on&#8221; button_border_radius__hover=&#8221;0&#8243; button_one_border_radius__hover_enabled=&#8221;off&#8221; button_one_border_radius__hover=&#8221;null&#8221; button_two_border_radius__hover_enabled=&#8221;off&#8221; button_two_border_radius__hover=&#8221;null&#8221; button_letter_spacing__hover_enabled=&#8221;on&#8221; button_letter_spacing__hover=&#8221;3&#8243; button_one_letter_spacing__hover_enabled=&#8221;off&#8221; button_one_letter_spacing__hover=&#8221;null&#8221; button_two_letter_spacing__hover_enabled=&#8221;off&#8221; button_two_letter_spacing__hover=&#8221;null&#8221; button_bg_color__hover_enabled=&#8221;on&#8221; button_bg_color__hover=&#8221;rgba(0,0,0,0.2)&#8221; button_one_bg_color__hover_enabled=&#8221;off&#8221; button_one_bg_color__hover=&#8221;null&#8221; button_two_bg_color__hover_enabled=&#8221;off&#8221; button_two_bg_color__hover=&#8221;null&#8221; \/][\/et_pb_column][\/et_pb_row][\/et_pb_section][et_pb_section bb_built=&#8221;1&#8243; transparent_background=&#8221;off&#8221; background_color=&#8221;#000000&#8243; allow_player_pause=&#8221;off&#8221; inner_shadow=&#8221;off&#8221; parallax=&#8221;off&#8221; parallax_method=&#8221;off&#8221; custom_padding=&#8221;30px|0px|30px|0px&#8221; make_fullwidth=&#8221;off&#8221; use_custom_width=&#8221;off&#8221; width_unit=&#8221;on&#8221; make_equal=&#8221;off&#8221; use_custom_gutter=&#8221;off&#8221; fullwidth=&#8221;off&#8221; specialty=&#8221;off&#8221; disabled=&#8221;off&#8221; prev_background_color=&#8221;#ffffff&#8221; global_module=&#8221;28745&#8243;][et_pb_row global_parent=&#8221;28745&#8243; make_fullwidth=&#8221;off&#8221; use_custom_width=&#8221;off&#8221; width_unit=&#8221;off&#8221; custom_width_px=&#8221;1080px&#8221; custom_width_percent=&#8221;80%&#8221; use_custom_gutter=&#8221;off&#8221; gutter_width=&#8221;3&#8243; allow_player_pause=&#8221;off&#8221; parallax=&#8221;off&#8221; parallax_method=&#8221;on&#8221; make_equal=&#8221;off&#8221; parallax_1=&#8221;off&#8221; parallax_method_1=&#8221;on&#8221; parallax_2=&#8221;off&#8221; parallax_method_2=&#8221;on&#8221; parallax_3=&#8221;off&#8221; parallax_method_3=&#8221;on&#8221; parallax_4=&#8221;off&#8221; parallax_method_4=&#8221;on&#8221; disabled=&#8221;off&#8221; background_position=&#8221;top_left&#8221; background_repeat=&#8221;repeat&#8221; background_size=&#8221;initial&#8221;][et_pb_column type=&#8221;1_3&#8243;][et_pb_blurb admin_label=&#8221;Blurb&#8221; global_parent=&#8221;28745&#8243; url=&#8221;#&#8221; url_new_window=&#8221;off&#8221; use_icon=&#8221;on&#8221; font_icon=&#8221;%%122%%&#8221; icon_color=&#8221;#0058a9&#8243; use_circle=&#8221;off&#8221; circle_color=&#8221;#fcbf00&#8243; use_circle_border=&#8221;off&#8221; circle_border_color=&#8221;#fcbf00&#8243; icon_placement=&#8221;left&#8221; animation=&#8221;top&#8221; background_layout=&#8221;dark&#8221; text_orientation=&#8221;left&#8221; use_icon_font_size=&#8221;on&#8221; icon_font_size=&#8221;18&#8243; body_font=&#8221;Open Sans||||&#8221; body_font_size=&#8221;16&#8243; body_text_color=&#8221;#c4c4c4&#8243; body_line_height=&#8221;1.5em&#8221; use_border_color=&#8221;off&#8221; border_color=&#8221;#ffffff&#8221; border_width=&#8221;1px&#8221; border_style=&#8221;solid&#8221; disabled=&#8221;off&#8221; background_position=&#8221;top_left&#8221; background_repeat=&#8221;repeat&#8221; background_size=&#8221;initial&#8221; image_max_width=&#8221;100%&#8221;]<\/p>\n<p>ul.Stra\u017cacka 11a<\/p>\n<p>47-440 N\u0119dza<\/p>\n<p>[\/et_pb_blurb][\/et_pb_column][et_pb_column type=&#8221;1_3&#8243;][et_pb_blurb admin_label=&#8221;Blurb&#8221; global_parent=&#8221;28745&#8243; url=&#8221;#&#8221; url_new_window=&#8221;off&#8221; use_icon=&#8221;on&#8221; font_icon=&#8221;%%109%%&#8221; icon_color=&#8221;#0058a9&#8243; use_circle=&#8221;off&#8221; circle_color=&#8221;#fcbf00&#8243; use_circle_border=&#8221;off&#8221; circle_border_color=&#8221;#fcbf00&#8243; icon_placement=&#8221;left&#8221; animation=&#8221;top&#8221; background_layout=&#8221;dark&#8221; text_orientation=&#8221;left&#8221; use_icon_font_size=&#8221;on&#8221; icon_font_size=&#8221;20&#8243; body_font=&#8221;Open Sans||||&#8221; body_font_size=&#8221;16&#8243; body_text_color=&#8221;#c4c4c4&#8243; body_line_height=&#8221;1.5em&#8221; use_border_color=&#8221;off&#8221; border_color=&#8221;#ffffff&#8221; border_width=&#8221;1px&#8221; border_style=&#8221;solid&#8221; custom_margin=&#8221;||0px|&#8221; custom_padding=&#8221;||15px|&#8221; disabled=&#8221;off&#8221; background_position=&#8221;top_left&#8221; background_repeat=&#8221;repeat&#8221; background_size=&#8221;initial&#8221; image_max_width=&#8221;100%&#8221;]<\/p>\n<p>kontakt@hybrydoinstal.pl<\/p>\n<p>[\/et_pb_blurb][\/et_pb_column][et_pb_column type=&#8221;1_3&#8243;][et_pb_blurb admin_label=&#8221;Blurb&#8221; global_parent=&#8221;28745&#8243; url=&#8221;#&#8221; url_new_window=&#8221;off&#8221; use_icon=&#8221;on&#8221; font_icon=&#8221;%%104%%&#8221; icon_color=&#8221;#0058a9&#8243; use_circle=&#8221;off&#8221; circle_color=&#8221;#fcbf00&#8243; use_circle_border=&#8221;off&#8221; circle_border_color=&#8221;#fcbf00&#8243; icon_placement=&#8221;left&#8221; animation=&#8221;top&#8221; background_layout=&#8221;dark&#8221; text_orientation=&#8221;left&#8221; use_icon_font_size=&#8221;on&#8221; icon_font_size=&#8221;20&#8243; body_font=&#8221;Open Sans||||&#8221; body_font_size=&#8221;16&#8243; body_text_color=&#8221;#c4c4c4&#8243; body_line_height=&#8221;1.5em&#8221; use_border_color=&#8221;off&#8221; border_color=&#8221;#ffffff&#8221; border_width=&#8221;1px&#8221; border_style=&#8221;solid&#8221; disabled=&#8221;off&#8221; background_position=&#8221;top_left&#8221; background_repeat=&#8221;repeat&#8221; background_size=&#8221;initial&#8221; image_max_width=&#8221;100%&#8221;]<\/p>\n<p>+48 600140332<\/p>\n<p>+48 600533414<\/p>\n<p>[\/et_pb_blurb][\/et_pb_column][\/et_pb_row][\/et_pb_section]<\/p>\n","protected":false},"excerpt":{"rendered":"<p>nasza oferta ul.Stra\u017cacka 11a 47-440 N\u0119dza kontakt@hybrydoinstal.pl +48 600140332 +48 600533414<\/p>\n","protected":false},"author":1,"featured_media":0,"parent":0,"menu_order":0,"comment_status":"closed","ping_status":"closed","template":"","meta":{"_et_pb_use_builder":"on","_et_pb_old_content":"","_et_gb_content_width":"","footnotes":""},"class_list":["post-28756","page","type-page","status-publish","hentry"],"_links":{"self":[{"href":"https:\/\/hybrydoinstal.pl\/index.php\/wp-json\/wp\/v2\/pages\/28756"}],"collection":[{"href":"https:\/\/hybrydoinstal.pl\/index.php\/wp-json\/wp\/v2\/pages"}],"about":[{"href":"https:\/\/hybrydoinstal.pl\/index.php\/wp-json\/wp\/v2\/types\/page"}],"author":[{"embeddable":true,"href":"https:\/\/hybrydoinstal.pl\/index.php\/wp-json\/wp\/v2\/users\/1"}],"replies":[{"embeddable":true,"href":"https:\/\/hybrydoinstal.pl\/index.php\/wp-json\/wp\/v2\/comments?post=28756"}],"version-history":[{"count":57,"href":"https:\/\/hybrydoinstal.pl\/index.php\/wp-json\/wp\/v2\/pages\/28756\/revisions"}],"predecessor-version":[{"id":29116,"href":"https:\/\/hybrydoinstal.pl\/index.php\/wp-json\/wp\/v2\/pages\/28756\/revisions\/29116"}],"wp:attachment":[{"href":"https:\/\/hybrydoinstal.pl\/index.php\/wp-json\/wp\/v2\/media?parent=28756"}],"curies":[{"name":"wp","href":"https:\/\/api.w.org\/{rel}","templated":true}]}}