{"id":29000,"date":"2017-03-20T14:07:54","date_gmt":"2017-03-20T13:07:54","guid":{"rendered":"https:\/\/hybrydoinstal.pl\/?page_id=29000"},"modified":"2017-03-20T16:50:15","modified_gmt":"2017-03-20T15:50:15","slug":"klimatyzacja","status":"publish","type":"page","link":"https:\/\/hybrydoinstal.pl\/index.php\/klimatyzacja\/","title":{"rendered":"Klimatyzacja"},"content":{"rendered":"<p>[et_pb_section admin_label=&#8221;Section&#8221; fullwidth=&#8221;off&#8221; specialty=&#8221;off&#8221; background_image=&#8221;https:\/\/hybrydoinstal.pl\/wp-content\/uploads\/2017\/03\/klimatyzacja-OFERTA-Usun\u0105\u0107-logo-i-napisy.png&#8221; transparent_background=&#8221;off&#8221; allow_player_pause=&#8221;off&#8221; inner_shadow=&#8221;off&#8221; parallax=&#8221;off&#8221; parallax_method=&#8221;off&#8221; make_fullwidth=&#8221;off&#8221; use_custom_width=&#8221;off&#8221; width_unit=&#8221;on&#8221; make_equal=&#8221;off&#8221; use_custom_gutter=&#8221;off&#8221; module_id=&#8221;dotover&#8221; custom_css_after=&#8221;content: %22%22;||background: url(&#8217;https:\/\/www.infiniteimagination.com.au\/business\/wp-content\/uploads\/2016\/09\/texture.png&#8217;) repeat;||top: 0;||left: 0;||bottom: 0;||right: 0;||position: absolute;||z-index: 1;||&#8221; collapsed=&#8221;off&#8221; custom_padding=&#8221;0px||0px|&#8221;][et_pb_row admin_label=&#8221;Row&#8221; make_fullwidth=&#8221;on&#8221; use_custom_width=&#8221;off&#8221; width_unit=&#8221;on&#8221; use_custom_gutter=&#8221;on&#8221; padding_mobile=&#8221;off&#8221; allow_player_pause=&#8221;off&#8221; parallax=&#8221;off&#8221; parallax_method=&#8221;off&#8221; make_equal=&#8221;off&#8221; parallax_1=&#8221;off&#8221; parallax_method_1=&#8221;off&#8221; column_padding_mobile=&#8221;on&#8221; custom_padding=&#8221;7%||4%|&#8221; background_color=&#8221;rgba(0,0,0,0.66)&#8221; gutter_width=&#8221;0&#8243;][et_pb_column type=&#8221;4_4&#8243;][et_pb_cta admin_label=&#8221;OUR SERVICES&#8221; url_new_window=&#8221;off&#8221; use_background_color=&#8221;off&#8221; background_color=&#8221;#fcbf00&#8243; background_layout=&#8221;dark&#8221; text_orientation=&#8221;center&#8221; header_font_size=&#8221;50&#8243; header_font_size_tablet=&#8221;40&#8243; header_font_size_phone=&#8221;30&#8243; header_font_size_last_edited=&#8221;on|desktop&#8221; use_border_color=&#8221;off&#8221; border_color=&#8221;#ffffff&#8221; border_style=&#8221;solid&#8221; custom_button=&#8221;off&#8221; button_border_radius=&#8221;0&#8243; button_use_icon=&#8221;default&#8221; button_icon_placement=&#8221;right&#8221; button_on_hover=&#8221;on&#8221; button_letter_spacing_hover=&#8221;0&#8243; module_id=&#8221;toptext&#8221; custom_css_promo_title=&#8221;font-weight:800;&#8221; header_font=&#8221;Open Sans|||on|&#8221; header_text_color=&#8221;#ffffff&#8221; header_line_height=&#8221;1.4em&#8221; body_font=&#8221;Open Sans||||&#8221; body_font_size=&#8221;18&#8243; body_text_color=&#8221;#ffffff&#8221; body_line_height=&#8221;1.5em&#8221; custom_css_main_element=&#8221;position: relative; z-index: 10;&#8221; button_letter_spacing=&#8221;0&#8243; button_border_radius_hover=&#8221;0&#8243;]<\/p>\n<h2>KLIMATYZACJA<\/h2>\n<p>[\/et_pb_cta][et_pb_button admin_label=&#8221;Przycisk&#8221; button_url=&#8221;https:\/\/hybrydoinstal.pl\/index.php\/oferta\/&#8221; url_new_window=&#8221;off&#8221; button_text=&#8221;WR\u00d3\u0106 DO ZAK\u0141ADKI OFERTA&#8221; button_alignment=&#8221;center&#8221; background_layout=&#8221;light&#8221; custom_button=&#8221;on&#8221; button_text_color=&#8221;#ffffff&#8221; button_bg_color=&#8221;rgba(0,0,0,0)&#8221; button_border_color=&#8221;rgba(255,255,255,0.6)&#8221; button_border_radius=&#8221;0&#8243; button_letter_spacing=&#8221;0&#8243; button_font=&#8221;Oswald||||&#8221; button_use_icon=&#8221;on&#8221; button_icon=&#8221;%%23%%&#8221; button_icon_placement=&#8221;left&#8221; button_on_hover=&#8221;on&#8221; button_text_color_hover=&#8221;#ffffff&#8221; button_bg_color_hover=&#8221;rgba(255,255,255,0.2)&#8221; button_border_color_hover=&#8221;rgba(0,0,0,0)&#8221; button_border_radius_hover=&#8221;0&#8243; button_letter_spacing_hover=&#8221;3&#8243; custom_css_main_element=&#8221;position: relative; z-index: 3;&#8221; disabled=&#8221;off&#8221; saved_tabs=&#8221;all&#8221;]<\/p>\n<p>[\/et_pb_button][\/et_pb_column][\/et_pb_row][\/et_pb_section][et_pb_section admin_label=&#8221;Section&#8221; fullwidth=&#8221;off&#8221; specialty=&#8221;off&#8221; transparent_background=&#8221;off&#8221; background_color=&#8221;#ffffff&#8221; allow_player_pause=&#8221;off&#8221; inner_shadow=&#8221;off&#8221; parallax=&#8221;on&#8221; parallax_method=&#8221;off&#8221; padding_mobile=&#8221;off&#8221; make_fullwidth=&#8221;off&#8221; use_custom_width=&#8221;off&#8221; width_unit=&#8221;on&#8221; make_equal=&#8221;off&#8221; use_custom_gutter=&#8221;off&#8221; module_id=&#8221;next&#8221; collapsed=&#8221;off&#8221; disabled=&#8221;off&#8221; disabled_on=&#8221;on|on|off&#8221;][et_pb_row admin_label=&#8221;Row&#8221; make_fullwidth=&#8221;off&#8221; use_custom_width=&#8221;off&#8221; width_unit=&#8221;on&#8221; use_custom_gutter=&#8221;on&#8221; padding_mobile=&#8221;off&#8221; allow_player_pause=&#8221;off&#8221; parallax=&#8221;off&#8221; parallax_method=&#8221;off&#8221; make_equal=&#8221;off&#8221; parallax_1=&#8221;off&#8221; parallax_method_1=&#8221;off&#8221; parallax_2=&#8221;off&#8221; parallax_method_2=&#8221;off&#8221; parallax_3=&#8221;off&#8221; parallax_method_3=&#8221;off&#8221; column_padding_mobile=&#8221;on&#8221; gutter_width=&#8221;2&#8243;][et_pb_column type=&#8221;1_4&#8243;][et_pb_image admin_label=&#8221;Image&#8221; src=&#8221;https:\/\/hybrydoinstal.pl\/wp-content\/uploads\/2017\/03\/klimatyzacja-1.png&#8221; show_in_lightbox=&#8221;off&#8221; url_new_window=&#8221;off&#8221; use_overlay=&#8221;off&#8221; animation=&#8221;right&#8221; sticky=&#8221;off&#8221; align=&#8221;left&#8221; force_fullwidth=&#8221;off&#8221; always_center_on_mobile=&#8221;on&#8221; use_border_color=&#8221;off&#8221; border_color=&#8221;#ffffff&#8221; border_style=&#8221;solid&#8221; custom_margin=&#8221;|-60px||&#8221; custom_margin_last_edited=&#8221;on|desktop&#8221; custom_margin_tablet=&#8221;|0px||&#8221;]<\/p>\n<p>[\/et_pb_image][\/et_pb_column][et_pb_column type=&#8221;1_4&#8243;][et_pb_image admin_label=&#8221;Image&#8221; src=&#8221;https:\/\/hybrydoinstal.pl\/wp-content\/uploads\/2017\/03\/klimatyzacja-2.png&#8221; show_in_lightbox=&#8221;off&#8221; url_new_window=&#8221;off&#8221; use_overlay=&#8221;off&#8221; animation=&#8221;left&#8221; sticky=&#8221;off&#8221; align=&#8221;left&#8221; force_fullwidth=&#8221;off&#8221; always_center_on_mobile=&#8221;on&#8221; use_border_color=&#8221;off&#8221; border_color=&#8221;#ffffff&#8221; border_style=&#8221;solid&#8221; custom_margin=&#8221;100px|||-60px&#8221; custom_margin_last_edited=&#8221;on|phone&#8221; custom_margin_tablet=&#8221;0px|||0px&#8221;]<\/p>\n<p>[\/et_pb_image][\/et_pb_column][et_pb_column type=&#8221;1_2&#8243;][et_pb_cta admin_label=&#8221;service 1 &#8221; url_new_window=&#8221;off&#8221; use_background_color=&#8221;off&#8221; background_color=&#8221;#fcbf00&#8243; background_layout=&#8221;light&#8221; text_orientation=&#8221;left&#8221; header_font_size_last_edited=&#8221;on|tablet&#8221; use_border_color=&#8221;off&#8221; border_color=&#8221;#ffffff&#8221; border_style=&#8221;solid&#8221; custom_button=&#8221;on&#8221; button_letter_spacing=&#8221;2&#8243; button_use_icon=&#8221;on&#8221; button_icon_placement=&#8221;right&#8221; button_on_hover=&#8221;on&#8221; button_letter_spacing_hover=&#8221;2&#8243; header_font_size=&#8221;38&#8243; header_font_size_phone=&#8221;30&#8243; module_id=&#8221;toptext&#8221; button_border_radius=&#8221;0&#8243; button_text_color=&#8221;#fcbf00&#8243; button_bg_color=&#8221;#2b2c2a&#8221; button_border_color=&#8221;#2b2c2a&#8221; button_text_color_hover=&#8221;#2b2c2a&#8221; button_bg_color_hover=&#8221;rgba(0,0,0,0)&#8221; button_border_color_hover=&#8221;#2b2c2a&#8221; header_font_size_tablet=&#8221;40&#8243; button_text_size=&#8221;17&#8243; button_font=&#8221;Oswald|||on|&#8221; custom_margin=&#8221;0px|||&#8221; custom_padding=&#8221;0px|||&#8221; body_font=&#8221;Open Sans||||&#8221; body_font_size=&#8221;16&#8243; body_line_height=&#8221;1.5em&#8221; button_icon=&#8221;%%24%%&#8221; body_text_color=&#8221;#666666&#8243; button_border_radius_hover=&#8221;0&#8243; header_font=&#8221;Open Sans|||on|&#8221;]<\/p>\n<p><span style=\"color: #0058a9; font-size: 40px; font-weight: 800\">KLIMATYZACJA<\/span> w dzisiejszej dobie staje si\u0119 powoli standardowym wyposa\u017ceniem dom\u00f3w. Pomaga uzyska\u0107 parametry powietrza potrzebne dla lepszego samopoczucia poprzez sch\u0142adzanie powietrza w upalne dni, oraz ogrzewanie powietrza w dni ch\u0142odniejsze. Dzi\u0119ki klimatyzacji mamy w naszym domu zapewnion\u0105 optymaln\u0105 temperatur\u0119 oraz  oczyszczone powietrze z zanieczyszcze\u0144, kt\u00f3re negatywnie wp\u0142ywaj\u0105 na nasze zdrowie. Jej eksploatacja wcale nie jest kosztowna, pod warunkiem stosowania si\u0119 do zalece\u0144 producenta. Ponadto, coraz wi\u0119cej klimatyzator\u00f3w wyposa\u017conych jest w innowacyjne rozwi\u0105zania energooszcz\u0119dne, kt\u00f3re pozwalaj\u0105 na oszcz\u0119dno\u015b\u0107 do 70% energii.<\/p>\n<p>[\/et_pb_cta][\/et_pb_column][\/et_pb_row][\/et_pb_section][et_pb_section admin_label=&#8221;Sekcja&#8221; global_module=&#8221;28745&#8243; transparent_background=&#8221;off&#8221; background_color=&#8221;#000000&#8243; allow_player_pause=&#8221;off&#8221; inner_shadow=&#8221;off&#8221; parallax=&#8221;off&#8221; parallax_method=&#8221;off&#8221; custom_padding=&#8221;30px|0px|30px|0px&#8221; make_fullwidth=&#8221;off&#8221; use_custom_width=&#8221;off&#8221; width_unit=&#8221;on&#8221; make_equal=&#8221;off&#8221; use_custom_gutter=&#8221;off&#8221; fullwidth=&#8221;off&#8221; specialty=&#8221;off&#8221; disabled=&#8221;off&#8221;][et_pb_row global_parent=&#8221;28745&#8243; admin_label=&#8221;Wiersz&#8221; make_fullwidth=&#8221;off&#8221; use_custom_width=&#8221;off&#8221; width_unit=&#8221;off&#8221; custom_width_px=&#8221;1080px&#8221; custom_width_percent=&#8221;80%&#8221; use_custom_gutter=&#8221;off&#8221; gutter_width=&#8221;3&#8243; allow_player_pause=&#8221;off&#8221; parallax=&#8221;off&#8221; parallax_method=&#8221;on&#8221; make_equal=&#8221;off&#8221; parallax_1=&#8221;off&#8221; parallax_method_1=&#8221;on&#8221; parallax_2=&#8221;off&#8221; parallax_method_2=&#8221;on&#8221; parallax_3=&#8221;off&#8221; parallax_method_3=&#8221;on&#8221; parallax_4=&#8221;off&#8221; parallax_method_4=&#8221;on&#8221; disabled=&#8221;off&#8221;][et_pb_column type=&#8221;1_3&#8243;][et_pb_blurb global_parent=&#8221;28745&#8243; admin_label=&#8221;Blurb&#8221; url=&#8221;#&#8221; url_new_window=&#8221;off&#8221; use_icon=&#8221;on&#8221; font_icon=&#8221;%%122%%&#8221; icon_color=&#8221;#0058a9&#8243; use_circle=&#8221;off&#8221; circle_color=&#8221;#fcbf00&#8243; use_circle_border=&#8221;off&#8221; circle_border_color=&#8221;#fcbf00&#8243; icon_placement=&#8221;left&#8221; animation=&#8221;top&#8221; background_layout=&#8221;dark&#8221; text_orientation=&#8221;left&#8221; use_icon_font_size=&#8221;on&#8221; icon_font_size=&#8221;18&#8243; body_font=&#8221;Open Sans||||&#8221; body_font_size=&#8221;16&#8243; body_text_color=&#8221;#c4c4c4&#8243; body_line_height=&#8221;1.5em&#8221; use_border_color=&#8221;off&#8221; border_color=&#8221;#ffffff&#8221; border_width=&#8221;1px&#8221; border_style=&#8221;solid&#8221; disabled=&#8221;off&#8221;]<\/p>\n<p>ul.Stra\u017cacka 11a<\/p>\n<p>47-440 N\u0119dza<\/p>\n<p>[\/et_pb_blurb][\/et_pb_column][et_pb_column type=&#8221;1_3&#8243;][et_pb_blurb global_parent=&#8221;28745&#8243; admin_label=&#8221;Blurb&#8221; url=&#8221;#&#8221; url_new_window=&#8221;off&#8221; use_icon=&#8221;on&#8221; font_icon=&#8221;%%109%%&#8221; icon_color=&#8221;#0058a9&#8243; use_circle=&#8221;off&#8221; circle_color=&#8221;#fcbf00&#8243; use_circle_border=&#8221;off&#8221; circle_border_color=&#8221;#fcbf00&#8243; icon_placement=&#8221;left&#8221; animation=&#8221;top&#8221; background_layout=&#8221;dark&#8221; text_orientation=&#8221;left&#8221; use_icon_font_size=&#8221;on&#8221; icon_font_size=&#8221;20&#8243; body_font=&#8221;Open Sans||||&#8221; body_font_size=&#8221;16&#8243; body_text_color=&#8221;#c4c4c4&#8243; body_line_height=&#8221;1.5em&#8221; use_border_color=&#8221;off&#8221; border_color=&#8221;#ffffff&#8221; border_width=&#8221;1px&#8221; border_style=&#8221;solid&#8221; custom_margin=&#8221;||0px|&#8221; custom_padding=&#8221;||15px|&#8221; disabled=&#8221;off&#8221;]<\/p>\n<p>kontakt@hybrydoinstal.pl<\/p>\n<p>[\/et_pb_blurb][\/et_pb_column][et_pb_column type=&#8221;1_3&#8243;][et_pb_blurb global_parent=&#8221;28745&#8243; admin_label=&#8221;Blurb&#8221; url=&#8221;#&#8221; url_new_window=&#8221;off&#8221; use_icon=&#8221;on&#8221; font_icon=&#8221;%%104%%&#8221; icon_color=&#8221;#0058a9&#8243; use_circle=&#8221;off&#8221; circle_color=&#8221;#fcbf00&#8243; use_circle_border=&#8221;off&#8221; circle_border_color=&#8221;#fcbf00&#8243; icon_placement=&#8221;left&#8221; animation=&#8221;top&#8221; background_layout=&#8221;dark&#8221; text_orientation=&#8221;left&#8221; use_icon_font_size=&#8221;on&#8221; icon_font_size=&#8221;20&#8243; body_font=&#8221;Open Sans||||&#8221; body_font_size=&#8221;16&#8243; body_text_color=&#8221;#c4c4c4&#8243; body_line_height=&#8221;1.5em&#8221; use_border_color=&#8221;off&#8221; border_color=&#8221;#ffffff&#8221; border_width=&#8221;1px&#8221; border_style=&#8221;solid&#8221; disabled=&#8221;off&#8221;]<\/p>\n<p>+48 600140332<\/p>\n<p>+48 600533414<\/p>\n<p>[\/et_pb_blurb][\/et_pb_column][\/et_pb_row][\/et_pb_section]<\/p>\n","protected":false},"excerpt":{"rendered":"<p>KLIMATYZACJA KLIMATYZACJA w dzisiejszej dobie staje si\u0119 powoli standardowym wyposa\u017ceniem dom\u00f3w. Pomaga uzyska\u0107 parametry powietrza potrzebne dla lepszego samopoczucia poprzez sch\u0142adzanie powietrza w upalne dni, oraz ogrzewanie powietrza w dni ch\u0142odniejsze. Dzi\u0119ki klimatyzacji mamy w naszym domu zapewnion\u0105 optymaln\u0105 temperatur\u0119 oraz oczyszczone powietrze z zanieczyszcze\u0144, kt\u00f3re negatywnie wp\u0142ywaj\u0105 na nasze zdrowie. Jej eksploatacja wcale nie [&hellip;]<\/p>\n","protected":false},"author":1,"featured_media":0,"parent":0,"menu_order":0,"comment_status":"closed","ping_status":"closed","template":"","meta":{"_et_pb_use_builder":"on","_et_pb_old_content":"","_et_gb_content_width":"","footnotes":""},"class_list":["post-29000","page","type-page","status-publish","hentry"],"_links":{"self":[{"href":"https:\/\/hybrydoinstal.pl\/index.php\/wp-json\/wp\/v2\/pages\/29000"}],"collection":[{"href":"https:\/\/hybrydoinstal.pl\/index.php\/wp-json\/wp\/v2\/pages"}],"about":[{"href":"https:\/\/hybrydoinstal.pl\/index.php\/wp-json\/wp\/v2\/types\/page"}],"author":[{"embeddable":true,"href":"https:\/\/hybrydoinstal.pl\/index.php\/wp-json\/wp\/v2\/users\/1"}],"replies":[{"embeddable":true,"href":"https:\/\/hybrydoinstal.pl\/index.php\/wp-json\/wp\/v2\/comments?post=29000"}],"version-history":[{"count":4,"href":"https:\/\/hybrydoinstal.pl\/index.php\/wp-json\/wp\/v2\/pages\/29000\/revisions"}],"predecessor-version":[{"id":29032,"href":"https:\/\/hybrydoinstal.pl\/index.php\/wp-json\/wp\/v2\/pages\/29000\/revisions\/29032"}],"wp:attachment":[{"href":"https:\/\/hybrydoinstal.pl\/index.php\/wp-json\/wp\/v2\/media?parent=29000"}],"curies":[{"name":"wp","href":"https:\/\/api.w.org\/{rel}","templated":true}]}}