{"id":40,"date":"2017-02-17T11:28:51","date_gmt":"2017-02-17T10:28:51","guid":{"rendered":"https:\/\/hybrydoinstal.pl\/?page_id=40"},"modified":"2019-03-27T11:38:08","modified_gmt":"2019-03-27T10:38:08","slug":"home","status":"publish","type":"page","link":"https:\/\/hybrydoinstal.pl\/","title":{"rendered":"O nas"},"content":{"rendered":"<p>[et_pb_section fb_built=&#8221;1&#8243; custom_padding_last_edited=&#8221;on|desktop&#8221; admin_label=&#8221;Hero Section&#8221; module_id=&#8221;dotover&#8221; _builder_version=&#8221;3.17.6&#8243; background_image=&#8221;https:\/\/hybrydoinstal.pl\/wp-content\/uploads\/2017\/02\/dark.jpg&#8221; custom_padding_tablet=&#8221;50px|0|50px|0&#8243; custom_css_after=&#8221;content: %22%22;||background: url(&#8217;https:\/\/www.infiniteimagination.com.au\/business\/wp-content\/uploads\/2016\/09\/texture.png&#8217;) repeat;||top: 0;||left: 0;||bottom: 0;||right: 0;||position: absolute;||z-index: 1;||&#8221; transparent_background=&#8221;off&#8221; padding_mobile=&#8221;off&#8221; collapsed=&#8221;off&#8221;][et_pb_row custom_padding=&#8221;15px||15px|&#8221; column_padding_mobile=&#8221;on&#8221; parallax_method_1=&#8221;off&#8221; admin_label=&#8221;Row&#8221; _builder_version=&#8221;3.0.47&#8243; background_size=&#8221;initial&#8221; background_position=&#8221;top_left&#8221; background_repeat=&#8221;repeat&#8221;][et_pb_column type=&#8221;4_4&#8243; _builder_version=&#8221;3.0.47&#8243; column_padding_mobile=&#8221;on&#8221; parallax=&#8221;off&#8221; parallax_method=&#8221;off&#8221;][et_pb_cta admin_label=&#8221;Need help with that?&#8221; module_id=&#8221;toptext&#8221; _builder_version=&#8221;3.16&#8243; header_font=&#8221;Open Sans|||on|&#8221; header_text_color=&#8221;#ffffff&#8221; header_font_size=&#8221;52&#8243; header_font_size_tablet=&#8221;50&#8243; header_font_size_phone=&#8221;30&#8243; header_font_size_last_edited=&#8221;on|desktop&#8221; header_line_height=&#8221;1.5em&#8221; body_font=&#8221;Open Sans||||&#8221; body_text_color=&#8221;#ffffff&#8221; body_font_size=&#8221;18&#8243; body_line_height=&#8221;1.5em&#8221; use_background_color=&#8221;off&#8221; background_size=&#8221;initial&#8221; background_position=&#8221;top_left&#8221; background_repeat=&#8221;repeat&#8221; custom_button=&#8221;on&#8221; button_text_color=&#8221;#ffffff&#8221; button_bg_color=&#8221;rgba(0,0,0,0)&#8221; button_border_color=&#8221;rgba(255,255,255,0.6)&#8221; button_font=&#8221;Oswald||||&#8221; button_icon=&#8221;%%24%%&#8221; custom_css_main_element=&#8221;position: relative; z-index: 3;&#8221; custom_css_promo_button=&#8221;margin-top: 30px;&#8221; custom_css_promo_title=&#8221;font-weight: 800;&#8221; use_border_color=&#8221;off&#8221; border_color=&#8221;#ffffff&#8221; border_style=&#8221;solid&#8221; button_text_color_hover=&#8221;#ffffff&#8221; button_border_color_hover=&#8221;rgba(0,0,0,0)&#8221; button_border_radius_hover=&#8221;0&#8243; button_letter_spacing_hover=&#8221;3&#8243; button_bg_color_hover=&#8221;rgba(255,255,255,0.2)&#8221; button_text_size__hover_enabled=&#8221;off&#8221; button_text_size__hover=&#8221;null&#8221; button_one_text_size__hover_enabled=&#8221;off&#8221; button_one_text_size__hover=&#8221;null&#8221; button_two_text_size__hover_enabled=&#8221;off&#8221; button_two_text_size__hover=&#8221;null&#8221; button_text_color__hover_enabled=&#8221;on&#8221; button_text_color__hover=&#8221;#ffffff&#8221; button_one_text_color__hover_enabled=&#8221;off&#8221; button_one_text_color__hover=&#8221;null&#8221; button_two_text_color__hover_enabled=&#8221;off&#8221; button_two_text_color__hover=&#8221;null&#8221; button_border_width__hover_enabled=&#8221;off&#8221; button_border_width__hover=&#8221;null&#8221; button_one_border_width__hover_enabled=&#8221;off&#8221; button_one_border_width__hover=&#8221;null&#8221; button_two_border_width__hover_enabled=&#8221;off&#8221; button_two_border_width__hover=&#8221;null&#8221; button_border_color__hover_enabled=&#8221;on&#8221; button_border_color__hover=&#8221;rgba(0,0,0,0)&#8221; button_one_border_color__hover_enabled=&#8221;off&#8221; button_one_border_color__hover=&#8221;null&#8221; button_two_border_color__hover_enabled=&#8221;off&#8221; button_two_border_color__hover=&#8221;null&#8221; button_border_radius__hover_enabled=&#8221;on&#8221; button_border_radius__hover=&#8221;0&#8243; button_one_border_radius__hover_enabled=&#8221;off&#8221; button_one_border_radius__hover=&#8221;null&#8221; button_two_border_radius__hover_enabled=&#8221;off&#8221; button_two_border_radius__hover=&#8221;null&#8221; button_letter_spacing__hover_enabled=&#8221;on&#8221; button_letter_spacing__hover=&#8221;3&#8243; button_one_letter_spacing__hover_enabled=&#8221;off&#8221; button_one_letter_spacing__hover=&#8221;null&#8221; button_two_letter_spacing__hover_enabled=&#8221;off&#8221; button_two_letter_spacing__hover=&#8221;null&#8221; button_bg_color__hover_enabled=&#8221;on&#8221; button_bg_color__hover=&#8221;rgba(255,255,255,0.2)&#8221; button_one_bg_color__hover_enabled=&#8221;off&#8221; button_one_bg_color__hover=&#8221;null&#8221; button_two_bg_color__hover_enabled=&#8221;off&#8221; button_two_bg_color__hover=&#8221;null&#8221;]<img loading=\"lazy\" decoding=\"async\" class=\" wp-image-28737 aligncenter\" src=\"https:\/\/hybrydoinstal.pl\/wp-content\/uploads\/2017\/02\/white.png\" alt=\"\" width=\"415\" height=\"138\" srcset=\"https:\/\/hybrydoinstal.pl\/wp-content\/uploads\/2017\/02\/white.png 568w, https:\/\/hybrydoinstal.pl\/wp-content\/uploads\/2017\/02\/white-300x100.png 300w\" sizes=\"(max-width: 415px) 100vw, 415px\" \/><br \/>\n[\/et_pb_cta][\/et_pb_column][\/et_pb_row][\/et_pb_section][et_pb_section fb_built=&#8221;1&#8243; custom_padding_last_edited=&#8221;on|desktop&#8221; admin_label=&#8221;Section&#8221; module_id=&#8221;next&#8221; _builder_version=&#8221;3.0.74&#8243; background_color=&#8221;#ffffff&#8221; parallax=&#8221;on&#8221; parallax_method=&#8221;off&#8221; custom_padding_tablet=&#8221;50px|0|50px|0&#8243; transparent_background=&#8221;off&#8221; padding_mobile=&#8221;off&#8221; collapsed=&#8221;off&#8221;][et_pb_row admin_label=&#8221;Row&#8221; _builder_version=&#8221;3.0.47&#8243; background_size=&#8221;initial&#8221; background_position=&#8221;top_left&#8221; background_repeat=&#8221;repeat&#8221;][et_pb_column type=&#8221;4_4&#8243; _builder_version=&#8221;3.0.47&#8243; parallax=&#8221;off&#8221; parallax_method=&#8221;on&#8221;][et_pb_cta admin_label=&#8221;What we do&#8221; _builder_version=&#8221;3.16&#8243; header_font=&#8221;Open Sans||||&#8221; header_text_color=&#8221;#494949&#8243; header_font_size=&#8221;30&#8243; header_font_size_tablet=&#8221;40&#8243; header_font_size_phone=&#8221;30&#8243; header_font_size_last_edited=&#8221;on|desktop&#8221; header_line_height=&#8221;1.5em&#8221; body_font=&#8221;Open Sans||||&#8221; body_text_color=&#8221;#666666&#8243; body_font_size=&#8221;16&#8243; body_line_height=&#8221;1.5em&#8221; use_background_color=&#8221;off&#8221; background_size=&#8221;initial&#8221; background_position=&#8221;top_left&#8221; background_repeat=&#8221;repeat&#8221; background_layout=&#8221;light&#8221; use_border_color=&#8221;off&#8221; border_color=&#8221;#ffffff&#8221; border_style=&#8221;solid&#8221; button_border_radius_hover=&#8221;0&#8243; button_letter_spacing_hover=&#8221;0&#8243; button_text_size__hover_enabled=&#8221;off&#8221; button_text_size__hover=&#8221;null&#8221; button_one_text_size__hover_enabled=&#8221;off&#8221; button_one_text_size__hover=&#8221;null&#8221; button_two_text_size__hover_enabled=&#8221;off&#8221; button_two_text_size__hover=&#8221;null&#8221; button_text_color__hover_enabled=&#8221;off&#8221; button_text_color__hover=&#8221;null&#8221; button_one_text_color__hover_enabled=&#8221;off&#8221; button_one_text_color__hover=&#8221;null&#8221; button_two_text_color__hover_enabled=&#8221;off&#8221; button_two_text_color__hover=&#8221;null&#8221; button_border_width__hover_enabled=&#8221;off&#8221; button_border_width__hover=&#8221;null&#8221; button_one_border_width__hover_enabled=&#8221;off&#8221; button_one_border_width__hover=&#8221;null&#8221; button_two_border_width__hover_enabled=&#8221;off&#8221; button_two_border_width__hover=&#8221;null&#8221; button_border_color__hover_enabled=&#8221;off&#8221; button_border_color__hover=&#8221;null&#8221; button_one_border_color__hover_enabled=&#8221;off&#8221; button_one_border_color__hover=&#8221;null&#8221; button_two_border_color__hover_enabled=&#8221;off&#8221; button_two_border_color__hover=&#8221;null&#8221; button_border_radius__hover_enabled=&#8221;on&#8221; button_border_radius__hover=&#8221;0&#8243; button_one_border_radius__hover_enabled=&#8221;off&#8221; button_one_border_radius__hover=&#8221;null&#8221; button_two_border_radius__hover_enabled=&#8221;off&#8221; button_two_border_radius__hover=&#8221;null&#8221; button_letter_spacing__hover_enabled=&#8221;on&#8221; button_letter_spacing__hover=&#8221;0&#8243; button_one_letter_spacing__hover_enabled=&#8221;off&#8221; button_one_letter_spacing__hover=&#8221;null&#8221; button_two_letter_spacing__hover_enabled=&#8221;off&#8221; button_two_letter_spacing__hover=&#8221;null&#8221; button_bg_color__hover_enabled=&#8221;off&#8221; button_bg_color__hover=&#8221;null&#8221; button_one_bg_color__hover_enabled=&#8221;off&#8221; button_one_bg_color__hover=&#8221;null&#8221; button_two_bg_color__hover_enabled=&#8221;off&#8221; button_two_bg_color__hover=&#8221;null&#8221;]<\/p>\n<h2>Jeste\u015bmy firm\u0105 dzia\u0142aj\u0105c\u0105 w bran\u017cy instalacyjnej w zakresie wykorzystania <span style=\"color: #0058a9;\">Odnawialnych \u0179r\u00f3de\u0142 Energii (OZE)<\/span><\/h2>\n<p>Specjalizujemy si\u0119 w projektowaniu, doradztwie jak i kompleksowym wykonawstwie energooszcz\u0119dnych instalacji grzewczych.<br \/>\nTworzone przez nas instalacje, mog\u0105 wykorzystywa\u0107 jedno \u017ar\u00f3d\u0142o ciep\u0142a<br \/>\nlub wykonywane s\u0105 w oparciu o po\u0142\u0105czenie kilku \u017ar\u00f3de\u0142 ciep\u0142a w jeden zintegrowany, hybrydowy system grzewczy,<br \/>\nw kt\u00f3rego sk\u0142ad mog\u0105 wchodzi\u0107:<br \/>\n[\/et_pb_cta][\/et_pb_column][\/et_pb_row][et_pb_row use_custom_gutter=&#8221;on&#8221; gutter_width=&#8221;1&#8243; custom_padding=&#8221;10px|0px|0px|0px&#8221; admin_label=&#8221;Row&#8221; _builder_version=&#8221;3.0.47&#8243; background_size=&#8221;initial&#8221; background_position=&#8221;top_left&#8221; background_repeat=&#8221;repeat&#8221;][et_pb_column type=&#8221;1_3&#8243; _builder_version=&#8221;3.0.47&#8243; parallax=&#8221;off&#8221; parallax_method=&#8221;on&#8221;][et_pb_code module_id=&#8221;sh&#8221; module_class=&#8221;sh&#8221; custom_css_main_element=&#8221;padding: 15px;||display: block;&#8221;]<a href=\"https:\/\/hybrydoinstal.pl\/index.php\/pompy-ciepla\/\"><img loading=\"lazy\" decoding=\"async\" class=\"wp-image-28961 alignleft\" src=\"https:\/\/hybrydoinstal.pl\/wp-content\/uploads\/2017\/02\/pompy-300x261.png\" alt=\"\" width=\"58\" height=\"50\" srcset=\"https:\/\/hybrydoinstal.pl\/wp-content\/uploads\/2017\/02\/pompy-300x261.png 300w, https:\/\/hybrydoinstal.pl\/wp-content\/uploads\/2017\/02\/pompy-768x667.png 768w, https:\/\/hybrydoinstal.pl\/wp-content\/uploads\/2017\/02\/pompy.png 996w\" sizes=\"(max-width: 58px) 100vw, 58px\" \/><\/p>\n<div style=\"font-weight: 800; font-size: 22px; color: #494949\">POMPY CIEP\u0141A<\/div>\n<p><\/a>[\/et_pb_code][\/et_pb_column][et_pb_column type=&#8221;1_3&#8243; _builder_version=&#8221;3.0.47&#8243; parallax=&#8221;off&#8221; parallax_method=&#8221;on&#8221;][et_pb_code module_id=&#8221;sh&#8221; module_class=&#8221;sh&#8221; custom_css_main_element=&#8221;padding: 15px;||display: block;||&#8221;]<a href=\"https:\/\/hybrydoinstal.pl\/index.php\/kolektory-sloneczne\/\"><img loading=\"lazy\" decoding=\"async\" class=\"wp-image-28961 alignleft\" src=\"https:\/\/hybrydoinstal.pl\/wp-content\/uploads\/2017\/02\/fot.png\" alt=\"\" width=\"58\" height=\"50\"><\/p>\n<div style=\"font-weight: 800; font-size: 22px; color: #494949\">KOLEKTORY S\u0141ONECZNE<\/div>\n<p><\/a>[\/et_pb_code][\/et_pb_column][et_pb_column type=&#8221;1_3&#8243; _builder_version=&#8221;3.0.47&#8243; parallax=&#8221;off&#8221; parallax_method=&#8221;on&#8221;][et_pb_code module_id=&#8221;sh&#8221; module_class=&#8221;sh&#8221; _builder_version=&#8221;3.17.6&#8243; custom_css_main_element=&#8221;padding: 15px;||display: block;||&#8221;]<a href=\"https:\/\/hybrydoinstal.pl\/index.php\/fotowoltaika\/\"><img loading=\"lazy\" decoding=\"async\" class=\"wp-image-28961 alignleft\" src=\"https:\/\/hybrydoinstal.pl\/wp-content\/uploads\/2017\/02\/fotow.png\" alt=\"\" width=\"58\" height=\"50\"><\/p>\n<div style=\"font-weight: 800; font-size: 22px; color: #494949\">FOTOWOLTAIKA<\/div>\n<p><\/a>[\/et_pb_code][\/et_pb_column][\/et_pb_row][et_pb_row use_custom_gutter=&#8221;on&#8221; gutter_width=&#8221;1&#8243; custom_padding=&#8221;0px|0px|10px|0px&#8221; admin_label=&#8221;Row&#8221; _builder_version=&#8221;3.0.47&#8243; background_size=&#8221;initial&#8221; background_position=&#8221;top_left&#8221; background_repeat=&#8221;repeat&#8221;][et_pb_column type=&#8221;1_3&#8243; _builder_version=&#8221;3.0.47&#8243; parallax=&#8221;off&#8221; parallax_method=&#8221;on&#8221;][et_pb_code module_id=&#8221;sh&#8221; module_class=&#8221;sh&#8221; custom_css_main_element=&#8221;padding: 15px;||display: block;||&#8221;]<a href=\"https:\/\/hybrydoinstal.pl\/index.php\/kominki-i-kotly\/\"><img loading=\"lazy\" decoding=\"async\" class=\"wp-image-28961 alignleft\" src=\"https:\/\/hybrydoinstal.pl\/wp-content\/uploads\/2017\/02\/komin.png\" alt=\"\" width=\"58\" height=\"50\"><\/p>\n<div style=\"font-weight: 800; font-size: 22px; color: #494949\">KOMINKI I KOT\u0141Y<\/div>\n<p><\/a>[\/et_pb_code][\/et_pb_column][et_pb_column type=&#8221;1_3&#8243; _builder_version=&#8221;3.0.47&#8243; parallax=&#8221;off&#8221; parallax_method=&#8221;on&#8221;][et_pb_code module_id=&#8221;sh&#8221; module_class=&#8221;sh&#8221; custom_css_main_element=&#8221;padding: 15px;||display: block;||&#8221;]<a href=\"https:\/\/hybrydoinstal.pl\/index.php\/podgrzewacze-i-magazyny-ciepla\/\"><img decoding=\"async\" class=\"wp-image-28961 alignleft\" src=\"https:\/\/hybrydoinstal.pl\/wp-content\/uploads\/2017\/02\/magazyny.png\" alt=\"\" width=\"45\" ><\/p>\n<div style=\"font-weight: 800; font-size: 22px; color: #494949\">PODGRZEWACZE I MAGAZYNY CIEP\u0141A<\/div>\n<p><\/a>[\/et_pb_code][\/et_pb_column][et_pb_column type=&#8221;1_3&#8243; _builder_version=&#8221;3.0.47&#8243; parallax=&#8221;off&#8221; parallax_method=&#8221;on&#8221;][et_pb_code module_id=&#8221;sh&#8221; module_class=&#8221;sh&#8221; custom_css_main_element=&#8221;padding: 15px;||display: block;||&#8221;]<a href=\"\"><img decoding=\"async\" class=\"wp-image-28961 alignleft\" src=\"https:\/\/hybrydoinstal.pl\/wp-content\/uploads\/2017\/03\/gw-1.png\" alt=\"\" width=\"60\" ><\/p>\n<div style=\"font-weight: 800; font-size: 22px; color: #494949\">SYSTEMY CH\u0141ODZENIA<\/div>\n<p><\/a>[\/et_pb_code][\/et_pb_column][\/et_pb_row][et_pb_row custom_padding=&#8221;40px|0px|27px|0px&#8221; _builder_version=&#8221;3.0.47&#8243; background_size=&#8221;initial&#8221; background_position=&#8221;top_left&#8221; background_repeat=&#8221;repeat&#8221;][et_pb_column type=&#8221;1_2&#8243; _builder_version=&#8221;3.0.47&#8243; parallax=&#8221;off&#8221; parallax_method=&#8221;on&#8221;][et_pb_image src=&#8221;https:\/\/hybrydoinstal.pl\/wp-content\/uploads\/2017\/02\/4-instalacja-hybrydowa.jpg&#8221; force_fullwidth=&#8221;on&#8221; _builder_version=&#8221;3.0.87&#8243; animation_style=&#8221;fade&#8221; animation_duration=&#8221;500ms&#8221; custom_css_main_element=&#8221;box-shadow: 2px 2px 5px rgba(0,68,126,0.3);&#8221; use_border_color=&#8221;off&#8221; border_color=&#8221;#ffffff&#8221; border_style=&#8221;solid&#8221; animation=&#8221;fade_in&#8221; sticky=&#8221;off&#8221;][\/et_pb_image][\/et_pb_column][et_pb_column type=&#8221;1_2&#8243; _builder_version=&#8221;3.0.47&#8243; parallax=&#8221;off&#8221; parallax_method=&#8221;on&#8221;][et_pb_text _builder_version=&#8221;3.0.87&#8243; background_size=&#8221;initial&#8221; background_position=&#8221;top_left&#8221; background_repeat=&#8221;repeat&#8221; use_border_color=&#8221;off&#8221; border_style=&#8221;solid&#8221;]<\/p>\n<p style=\"text-align: left;\">Solidn\u0105 podstaw\u0119 naszej dzia\u0142alno\u015bci stanowi wiedza i do\u015bwiadczenie w dziedzinie nowoczesnych technologii energetycznych, co w efekcie przek\u0142ada si\u0119 na: oszcz\u0119dno\u015bci finansowe, wygod\u0119 jak i oszcz\u0119dno\u015b\u0107 Twojego czasu oraz co r\u00f3wnie wa\u017cne, ochron\u0119 \u015brodowiska naturalnego.<\/p>\n<p>Bardzo du\u017c\u0105 uwag\u0119 przyk\u0142adamy do wysokiej jako\u015bci oferowanych przez nas us\u0142ug. Do ka\u017cdego zlecenia podchodzimy w spos\u00f3b indywidualny, poszukuj\u0105c wsp\u00f3lnie z Klientem najbardziej optymalnego rozwi\u0105zania. Tym, co wyr\u00f3\u017cnia nas spo\u015br\u00f3d innych firm z bran\u017cy jest profesjonalizm, rzetelno\u015b\u0107 oraz bardzo dobra znajomo\u015b\u0107 tajnik\u00f3w technicznych. Dzi\u0119ki temu <strong>ka\u017cda nasza realizacja ko\u0144czy si\u0119 sukcesem.<\/strong><\/p>\n<p>Zdobyte wieloletnie do\u015bwiadczenie stanowi bardzo silny fundament naszej firmy. Nasze zaanga\u017cowanie oraz rozleg\u0142a wiedza na temat system\u00f3w grzewczych stale jest doceniana przez naszych klient\u00f3w.<\/p>\n<p><strong>Serdecznie zapraszamy do skorzystania z naszych us\u0142ug.<\/strong><br \/>\n[\/et_pb_text][\/et_pb_column][\/et_pb_row][\/et_pb_section][et_pb_section fb_built=&#8221;1&#8243; _builder_version=&#8221;3.0.74&#8243; background_image=&#8221;https:\/\/hybrydoinstal.pl\/wp-content\/uploads\/2017\/02\/15-kontakt.jpg&#8221; custom_padding=&#8221;0px||0px|&#8221; transparent_background=&#8221;off&#8221;][et_pb_row make_fullwidth=&#8221;on&#8221; use_custom_gutter=&#8221;on&#8221; gutter_width=&#8221;1&#8243; custom_padding=&#8221;7%|0px|7%|0px&#8221; _builder_version=&#8221;3.0.47&#8243; background_color=&#8221;rgba(0,0,0,0.66)&#8221; background_size=&#8221;initial&#8221; background_position=&#8221;top_left&#8221; background_repeat=&#8221;repeat&#8221;][et_pb_column type=&#8221;4_4&#8243; _builder_version=&#8221;3.0.47&#8243; parallax=&#8221;off&#8221; parallax_method=&#8221;on&#8221;][et_pb_button button_url=&#8221;https:\/\/hybrydoinstal.pl\/index.php\/kontakt\/#formularz&#8221; button_text=&#8221;MASZ PYTANIA SKONTAKTUJ SI\u0118 Z NAMI LUB ZAM\u00d3W BEZP\u0141ATN\u0104 WYCEN\u0118&#8221; button_alignment=&#8221;center&#8221; _builder_version=&#8221;3.16&#8243; custom_button=&#8221;on&#8221; button_text_size=&#8221;20&#8243; button_text_color=&#8221;#ffffff&#8221; button_bg_color=&#8221;rgba(0,0,0,0)&#8221; button_border_color=&#8221;rgba(255,255,255,0.6)&#8221; button_font=&#8221;Oswald||||&#8221; button_icon=&#8221;%%24%%&#8221; custom_css_main_element=&#8221;position: relative; z-index: 3;&#8221; button_text_color_hover=&#8221;#ffffff&#8221; button_border_color_hover=&#8221;rgba(0,0,0,0)&#8221; button_border_radius_hover=&#8221;0&#8243; button_letter_spacing_hover=&#8221;3&#8243; button_bg_color_hover=&#8221;rgba(255,255,255,0.2)&#8221; saved_tabs=&#8221;all&#8221; button_text_size__hover_enabled=&#8221;off&#8221; button_text_size__hover=&#8221;null&#8221; button_one_text_size__hover_enabled=&#8221;off&#8221; button_one_text_size__hover=&#8221;null&#8221; button_two_text_size__hover_enabled=&#8221;off&#8221; button_two_text_size__hover=&#8221;null&#8221; button_text_color__hover_enabled=&#8221;on&#8221; button_text_color__hover=&#8221;#ffffff&#8221; button_one_text_color__hover_enabled=&#8221;off&#8221; button_one_text_color__hover=&#8221;null&#8221; button_two_text_color__hover_enabled=&#8221;off&#8221; button_two_text_color__hover=&#8221;null&#8221; button_border_width__hover_enabled=&#8221;off&#8221; button_border_width__hover=&#8221;null&#8221; button_one_border_width__hover_enabled=&#8221;off&#8221; button_one_border_width__hover=&#8221;null&#8221; button_two_border_width__hover_enabled=&#8221;off&#8221; button_two_border_width__hover=&#8221;null&#8221; button_border_color__hover_enabled=&#8221;on&#8221; button_border_color__hover=&#8221;rgba(0,0,0,0)&#8221; button_one_border_color__hover_enabled=&#8221;off&#8221; button_one_border_color__hover=&#8221;null&#8221; button_two_border_color__hover_enabled=&#8221;off&#8221; button_two_border_color__hover=&#8221;null&#8221; button_border_radius__hover_enabled=&#8221;on&#8221; button_border_radius__hover=&#8221;0&#8243; button_one_border_radius__hover_enabled=&#8221;off&#8221; button_one_border_radius__hover=&#8221;null&#8221; button_two_border_radius__hover_enabled=&#8221;off&#8221; button_two_border_radius__hover=&#8221;null&#8221; button_letter_spacing__hover_enabled=&#8221;on&#8221; button_letter_spacing__hover=&#8221;3&#8243; button_one_letter_spacing__hover_enabled=&#8221;off&#8221; button_one_letter_spacing__hover=&#8221;null&#8221; button_two_letter_spacing__hover_enabled=&#8221;off&#8221; button_two_letter_spacing__hover=&#8221;null&#8221; button_bg_color__hover_enabled=&#8221;on&#8221; button_bg_color__hover=&#8221;rgba(255,255,255,0.2)&#8221; button_one_bg_color__hover_enabled=&#8221;off&#8221; button_one_bg_color__hover=&#8221;null&#8221; button_two_bg_color__hover_enabled=&#8221;off&#8221; button_two_bg_color__hover=&#8221;null&#8221;][\/et_pb_button][\/et_pb_column][\/et_pb_row][\/et_pb_section][et_pb_section fb_built=&#8221;1&#8243; _builder_version=&#8221;3.0.74&#8243; background_color=&#8221;#000000&#8243; custom_padding=&#8221;30px|0px|30px|0px&#8221; transparent_background=&#8221;off&#8221; global_module=&#8221;28745&#8243;][et_pb_row _builder_version=&#8221;3.0.47&#8243; background_size=&#8221;initial&#8221; background_position=&#8221;top_left&#8221; background_repeat=&#8221;repeat&#8221;][et_pb_column type=&#8221;1_3&#8243; _builder_version=&#8221;3.0.47&#8243; parallax=&#8221;off&#8221; parallax_method=&#8221;on&#8221;][et_pb_blurb url=&#8221;#&#8221; use_icon=&#8221;on&#8221; font_icon=&#8221;%%122%%&#8221; icon_placement=&#8221;left&#8221; use_icon_font_size=&#8221;on&#8221; icon_font_size=&#8221;18&#8243; admin_label=&#8221;Blurb&#8221; _builder_version=&#8221;3.0.87&#8243; body_font=&#8221;Open Sans||||&#8221; body_text_color=&#8221;#c4c4c4&#8243; body_font_size=&#8221;16&#8243; body_line_height=&#8221;1.5em&#8221; background_size=&#8221;initial&#8221; background_position=&#8221;top_left&#8221; background_repeat=&#8221;repeat&#8221; background_layout=&#8221;dark&#8221; use_border_color=&#8221;off&#8221; border_color=&#8221;#ffffff&#8221; border_width=&#8221;1px&#8221; border_style=&#8221;solid&#8221;]<\/p>\n<p>ul.Stra\u017cacka 11a<\/p>\n<p>47-440 N\u0119dza<\/p>\n<p>[\/et_pb_blurb][\/et_pb_column][et_pb_column type=&#8221;1_3&#8243; _builder_version=&#8221;3.0.47&#8243; parallax=&#8221;off&#8221; parallax_method=&#8221;on&#8221;][et_pb_blurb url=&#8221;#&#8221; use_icon=&#8221;on&#8221; font_icon=&#8221;%%109%%&#8221; icon_placement=&#8221;left&#8221; use_icon_font_size=&#8221;on&#8221; icon_font_size=&#8221;20&#8243; admin_label=&#8221;Blurb&#8221; _builder_version=&#8221;3.0.87&#8243; body_font=&#8221;Open Sans||||&#8221; body_text_color=&#8221;#c4c4c4&#8243; body_font_size=&#8221;16&#8243; body_line_height=&#8221;1.5em&#8221; background_size=&#8221;initial&#8221; background_position=&#8221;top_left&#8221; background_repeat=&#8221;repeat&#8221; background_layout=&#8221;dark&#8221; custom_margin=&#8221;||0px|&#8221; custom_padding=&#8221;||15px|&#8221; use_border_color=&#8221;off&#8221; border_color=&#8221;#ffffff&#8221; border_width=&#8221;1px&#8221; border_style=&#8221;solid&#8221;]<\/p>\n<p>kontakt@hybrydoinstal.pl<\/p>\n<p>[\/et_pb_blurb][\/et_pb_column][et_pb_column type=&#8221;1_3&#8243; _builder_version=&#8221;3.0.47&#8243; parallax=&#8221;off&#8221; parallax_method=&#8221;on&#8221;][et_pb_blurb url=&#8221;#&#8221; use_icon=&#8221;on&#8221; font_icon=&#8221;%%104%%&#8221; icon_placement=&#8221;left&#8221; use_icon_font_size=&#8221;on&#8221; icon_font_size=&#8221;20&#8243; admin_label=&#8221;Blurb&#8221; _builder_version=&#8221;3.0.87&#8243; body_font=&#8221;Open Sans||||&#8221; body_text_color=&#8221;#c4c4c4&#8243; body_font_size=&#8221;16&#8243; body_line_height=&#8221;1.5em&#8221; background_size=&#8221;initial&#8221; background_position=&#8221;top_left&#8221; background_repeat=&#8221;repeat&#8221; background_layout=&#8221;dark&#8221; use_border_color=&#8221;off&#8221; border_color=&#8221;#ffffff&#8221; border_width=&#8221;1px&#8221; border_style=&#8221;solid&#8221;]<\/p>\n<p>+48 600 533 414<\/p>\n<p>[\/et_pb_blurb][\/et_pb_column][\/et_pb_row][\/et_pb_section]<\/p>\n","protected":false},"excerpt":{"rendered":"<p>Jeste\u015bmy firm\u0105 dzia\u0142aj\u0105c\u0105 w bran\u017cy instalacyjnej w zakresie wykorzystania Odnawialnych \u0179r\u00f3de\u0142 Energii (OZE) Specjalizujemy si\u0119 w projektowaniu, doradztwie jak i kompleksowym wykonawstwie energooszcz\u0119dnych instalacji grzewczych. Tworzone przez nas instalacje, mog\u0105 wykorzystywa\u0107 jedno \u017ar\u00f3d\u0142o ciep\u0142a lub wykonywane s\u0105 w oparciu o po\u0142\u0105czenie kilku \u017ar\u00f3de\u0142 ciep\u0142a w jeden zintegrowany, hybrydowy system grzewczy, w kt\u00f3rego sk\u0142ad mog\u0105 wchodzi\u0107: [&hellip;]<\/p>\n","protected":false},"author":1,"featured_media":0,"parent":0,"menu_order":0,"comment_status":"closed","ping_status":"closed","template":"","meta":{"_et_pb_use_builder":"on","_et_pb_old_content":"","_et_gb_content_width":"","footnotes":""},"class_list":["post-40","page","type-page","status-publish","hentry"],"_links":{"self":[{"href":"https:\/\/hybrydoinstal.pl\/index.php\/wp-json\/wp\/v2\/pages\/40"}],"collection":[{"href":"https:\/\/hybrydoinstal.pl\/index.php\/wp-json\/wp\/v2\/pages"}],"about":[{"href":"https:\/\/hybrydoinstal.pl\/index.php\/wp-json\/wp\/v2\/types\/page"}],"author":[{"embeddable":true,"href":"https:\/\/hybrydoinstal.pl\/index.php\/wp-json\/wp\/v2\/users\/1"}],"replies":[{"embeddable":true,"href":"https:\/\/hybrydoinstal.pl\/index.php\/wp-json\/wp\/v2\/comments?post=40"}],"version-history":[{"count":89,"href":"https:\/\/hybrydoinstal.pl\/index.php\/wp-json\/wp\/v2\/pages\/40\/revisions"}],"predecessor-version":[{"id":29111,"href":"https:\/\/hybrydoinstal.pl\/index.php\/wp-json\/wp\/v2\/pages\/40\/revisions\/29111"}],"wp:attachment":[{"href":"https:\/\/hybrydoinstal.pl\/index.php\/wp-json\/wp\/v2\/media?parent=40"}],"curies":[{"name":"wp","href":"https:\/\/api.w.org\/{rel}","templated":true}]}}